{"id":7685,"date":"2020-03-27T10:59:19","date_gmt":"2020-03-27T09:59:19","guid":{"rendered":"http:\/\/2020.beer-schuhtechnik.de\/?page_id=7685"},"modified":"2020-04-08T14:33:44","modified_gmt":"2020-04-08T12:33:44","slug":"impressum","status":"publish","type":"page","link":"https:\/\/beer-schuhtechnik.de\/nl\/impressum\/","title":{"rendered":"Impressum"},"content":{"rendered":"<section class=\"l-section wpb_row height_medium\"><div class=\"l-section-h i-cf\"><div class=\"g-cols vc_row via_flex valign_top type_default stacking_default\"><div class=\"vc_col-sm-12 wpb_column vc_column_container\"><div class=\"vc_column-inner\"><div class=\"wpb_wrapper\"><div class=\"wpb_text_column\"><div class=\"wpb_wrapper\"><h4>Impressum<\/h4>\n<p>Eigenaar: Klaus Beer<\/p>\n<p>Schuhtechnik Beer<br \/>\nSteinstra\u00dfe 38<br \/>\nD-46446 Emmerich<\/p>\n<div>E-Mail:\u00a0<a href=\"mailto:info@beer-schuhtechnik.de\">info@beer-schuhtechnik.de<\/a><\/div>\n<div><\/div>\n<div>Belastingnummer volgens de Duitse wet op omzetbelasting:<\/div>\n<div>116-5011-1160<br \/>\nLid van de Duitse Kamer van Ambachten en Neringen<\/div>\n<div><\/div>\n<p>Ontwerp van de internetpagina: Agentur romen  www.agentur-romen.de<\/p>\n<p>Aansprakelijkheidsinformatie:<br \/>\nOndanks zorgvuldige inhoudelijke controle aanvaarden wij geen aansprakelijkheid voor de inhoud van externe links.<br \/>\nDe verantwoordelijkheid voor de inhoud van de gekoppelde pagina\u2019s berust uitsluitend bij de desbetreffende beheerders.<\/p>\n<\/div><\/div><\/div><\/div><\/div><\/div><\/div><\/section>","protected":false},"excerpt":{"rendered":"Impressum Inhaber: Klaus Beer Schuhtechnik Beer Steinstra\u00dfe 38 46446 Emmerich E-Mail:\u00a0info@beer-schuhtechnik.de Steuernummer gem\u00e4\u00df Umsatzsteuergesetz: 116-5011-1160 Mitglied der Handwerkskammer Webseitengestaltung: Agentur romen\u00a0 www.agentur-romen.de Haftungshinweis: Trotz sorgf\u00e4ltiger inhaltlicher Kontrolle \u00fcbernehmen wir\u00a0keine Haftung f\u00fcr die Inhalte externer Links. F\u00fcr den Inhalt der verlinkten Seiten sind ausschlie\u00dflich deren Betreiber verantwortlich.","protected":false},"author":1,"featured_media":0,"parent":0,"menu_order":0,"comment_status":"closed","ping_status":"closed","template":"","meta":{"footnotes":""},"class_list":["post-7685","page","type-page","status-publish","hentry"],"_links":{"self":[{"href":"https:\/\/beer-schuhtechnik.de\/nl\/wp-json\/wp\/v2\/pages\/7685","targetHints":{"allow":["GET"]}}],"collection":[{"href":"https:\/\/beer-schuhtechnik.de\/nl\/wp-json\/wp\/v2\/pages"}],"about":[{"href":"https:\/\/beer-schuhtechnik.de\/nl\/wp-json\/wp\/v2\/types\/page"}],"author":[{"embeddable":true,"href":"https:\/\/beer-schuhtechnik.de\/nl\/wp-json\/wp\/v2\/users\/1"}],"replies":[{"embeddable":true,"href":"https:\/\/beer-schuhtechnik.de\/nl\/wp-json\/wp\/v2\/comments?post=7685"}],"version-history":[{"count":9,"href":"https:\/\/beer-schuhtechnik.de\/nl\/wp-json\/wp\/v2\/pages\/7685\/revisions"}],"predecessor-version":[{"id":7968,"href":"https:\/\/beer-schuhtechnik.de\/nl\/wp-json\/wp\/v2\/pages\/7685\/revisions\/7968"}],"wp:attachment":[{"href":"https:\/\/beer-schuhtechnik.de\/nl\/wp-json\/wp\/v2\/media?parent=7685"}],"curies":[{"name":"wp","href":"https:\/\/api.w.org\/{rel}","templated":true}]}}